{"id":8,"date":"2023-06-02T13:58:33","date_gmt":"2023-06-02T13:58:33","guid":{"rendered":"https:\/\/entreggo.com.co\/?page_id=8"},"modified":"2025-12-01T21:37:06","modified_gmt":"2025-12-02T02:37:06","slug":"aliados","status":"publish","type":"page","link":"https:\/\/entreggo.com.co\/index.php\/aliados\/","title":{"rendered":"Aliados"},"content":{"rendered":"\t\t<div data-elementor-type=\"wp-page\" data-elementor-id=\"8\" class=\"elementor elementor-8\" data-elementor-post-type=\"page\">\n\t\t\t\t\t\t<section class=\"elementor-section elementor-top-section elementor-element elementor-element-d5675b6 elementor-section-stretched elementor-section-boxed elementor-section-height-default elementor-section-height-default\" data-id=\"d5675b6\" data-element_type=\"section\" data-settings=\"{&quot;stretch_section&quot;:&quot;section-stretched&quot;}\">\n\t\t\t\t\t\t<div class=\"elementor-container elementor-column-gap-wider\">\n\t\t\t\t\t<div class=\"elementor-column elementor-col-100 elementor-top-column elementor-element elementor-element-11db977\" data-id=\"11db977\" data-element_type=\"column\">\n\t\t\t<div class=\"elementor-widget-wrap elementor-element-populated\">\n\t\t\t\t\t\t<section class=\"elementor-section elementor-inner-section elementor-element elementor-element-af6348d elementor-section-boxed elementor-section-height-default elementor-section-height-default elementor-invisible\" data-id=\"af6348d\" data-element_type=\"section\" data-settings=\"{&quot;animation&quot;:&quot;fadeIn&quot;}\">\n\t\t\t\t\t\t<div class=\"elementor-container elementor-column-gap-default\">\n\t\t\t\t\t<div class=\"elementor-column elementor-col-100 elementor-inner-column elementor-element elementor-element-5f1348f\" data-id=\"5f1348f\" data-element_type=\"column\">\n\t\t\t<div class=\"elementor-widget-wrap elementor-element-populated\">\n\t\t\t\t\t\t<div class=\"elementor-element elementor-element-5cd5224 elementor-widget elementor-widget-heading\" data-id=\"5cd5224\" data-element_type=\"widget\" data-widget_type=\"heading.default\">\n\t\t\t\t\t<h1 class=\"elementor-heading-title elementor-size-default\"><span style=\"color: #a2f0a5\">ALIADOS ESTRAT\u00c9GICOS<\/span><br \/> JUNTOS MOVEMOS EL PROGRESO<\/h1>\t\t\t\t<\/div>\n\t\t\t\t<div class=\"elementor-element elementor-element-4bed42d elementor-widget elementor-widget-text-editor\" data-id=\"4bed42d\" data-element_type=\"widget\" data-widget_type=\"text-editor.default\">\n\t\t\t\t\t\t\t\t\t<p style=\"text-align: center;\" data-start=\"272\" data-end=\"542\">En <strong data-start=\"275\" data-end=\"295\">Entrreggo S.A.S.<\/strong> creemos que la colaboraci\u00f3n impulsa la eficiencia. Por eso, hemos construido una red s\u00f3lida de <strong data-start=\"393\" data-end=\"417\">aliados estrat\u00e9gicos<\/strong> en todo el pa\u00eds, que nos permite ampliar nuestra cobertura, optimizar rutas y garantizar entregas seguras en cada destino.<\/p><p style=\"text-align: center;\" data-start=\"544\" data-end=\"718\">Nuestros aliados comparten nuestra visi\u00f3n de <strong data-start=\"589\" data-end=\"637\">servicio confiable, tecnol\u00f3gico y sostenible<\/strong>, haciendo posible que cada env\u00edo llegue a su destino con puntualidad y respaldo.<\/p>\t\t\t\t\t\t\t\t<\/div>\n\t\t\t\t\t<\/div>\n\t\t<\/div>\n\t\t\t\t\t<\/div>\n\t\t<\/section>\n\t\t\t\t<section class=\"elementor-section elementor-inner-section elementor-element elementor-element-c570ee5 elementor-section-height-min-height elementor-section-boxed elementor-section-height-default elementor-invisible\" data-id=\"c570ee5\" data-element_type=\"section\" data-settings=\"{&quot;animation&quot;:&quot;fadeInDown&quot;}\">\n\t\t\t\t\t\t<div class=\"elementor-container elementor-column-gap-default\">\n\t\t\t\t\t<div class=\"elementor-column elementor-col-33 elementor-inner-column elementor-element elementor-element-f11b45f\" data-id=\"f11b45f\" data-element_type=\"column\" data-settings=\"{&quot;background_background&quot;:&quot;classic&quot;,&quot;motion_fx_motion_fx_mouse&quot;:&quot;yes&quot;,&quot;motion_fx_mouseTrack_effect&quot;:&quot;yes&quot;,&quot;motion_fx_mouseTrack_speed&quot;:{&quot;unit&quot;:&quot;px&quot;,&quot;size&quot;:0.1000000000000000055511151231257827021181583404541015625,&quot;sizes&quot;:[]}}\">\n\t\t\t<div class=\"elementor-widget-wrap elementor-element-populated\">\n\t\t\t\t\t\t<div class=\"elementor-element elementor-element-f8f3cf9 elementor-widget elementor-widget-image\" data-id=\"f8f3cf9\" data-element_type=\"widget\" data-widget_type=\"image.default\">\n\t\t\t\t\t\t\t\t\t\t\t\t\t\t\t<img fetchpriority=\"high\" decoding=\"async\" width=\"1110\" height=\"739\" src=\"https:\/\/entreggo.com.co\/wp-content\/uploads\/2025\/11\/IXZJWUYEHRAAXJ2ZLX7CVP7BBY.avif\" class=\"attachment-large size-large wp-image-909\" alt=\"\" srcset=\"https:\/\/entreggo.com.co\/wp-content\/uploads\/2025\/11\/IXZJWUYEHRAAXJ2ZLX7CVP7BBY.avif 1110w, https:\/\/entreggo.com.co\/wp-content\/uploads\/2025\/11\/IXZJWUYEHRAAXJ2ZLX7CVP7BBY-500x333.avif 500w, https:\/\/entreggo.com.co\/wp-content\/uploads\/2025\/11\/IXZJWUYEHRAAXJ2ZLX7CVP7BBY-300x200.avif 300w, https:\/\/entreggo.com.co\/wp-content\/uploads\/2025\/11\/IXZJWUYEHRAAXJ2ZLX7CVP7BBY-768x511.avif 768w, https:\/\/entreggo.com.co\/wp-content\/uploads\/2025\/11\/IXZJWUYEHRAAXJ2ZLX7CVP7BBY-113x75.avif 113w, https:\/\/entreggo.com.co\/wp-content\/uploads\/2025\/11\/IXZJWUYEHRAAXJ2ZLX7CVP7BBY-480x320.avif 480w\" sizes=\"(max-width:767px) 480px, (max-width:1110px) 100vw, 1110px\" \/>\t\t\t\t\t\t\t\t\t\t\t\t\t\t\t<\/div>\n\t\t\t\t\t<\/div>\n\t\t<\/div>\n\t\t\t\t<div class=\"elementor-column elementor-col-33 elementor-inner-column elementor-element elementor-element-9006dd3\" data-id=\"9006dd3\" data-element_type=\"column\" data-settings=\"{&quot;background_background&quot;:&quot;classic&quot;,&quot;motion_fx_motion_fx_mouse&quot;:&quot;yes&quot;,&quot;motion_fx_mouseTrack_effect&quot;:&quot;yes&quot;,&quot;motion_fx_mouseTrack_direction&quot;:&quot;negative&quot;,&quot;motion_fx_mouseTrack_speed&quot;:{&quot;unit&quot;:&quot;px&quot;,&quot;size&quot;:0.1000000000000000055511151231257827021181583404541015625,&quot;sizes&quot;:[]}}\">\n\t\t\t<div class=\"elementor-widget-wrap elementor-element-populated\">\n\t\t\t\t\t\t<div class=\"elementor-element elementor-element-9d79ade elementor-widget elementor-widget-image\" data-id=\"9d79ade\" data-element_type=\"widget\" data-widget_type=\"image.default\">\n\t\t\t\t\t\t\t\t\t\t\t\t\t\t\t<img decoding=\"async\" width=\"500\" height=\"500\" src=\"https:\/\/entreggo.com.co\/wp-content\/uploads\/2025\/11\/logo-cliente-coordinadora.png\" class=\"attachment-large size-large wp-image-910\" alt=\"\" srcset=\"https:\/\/entreggo.com.co\/wp-content\/uploads\/2025\/11\/logo-cliente-coordinadora.png 500w, https:\/\/entreggo.com.co\/wp-content\/uploads\/2025\/11\/logo-cliente-coordinadora-300x300.png 300w, https:\/\/entreggo.com.co\/wp-content\/uploads\/2025\/11\/logo-cliente-coordinadora-150x150.png 150w, https:\/\/entreggo.com.co\/wp-content\/uploads\/2025\/11\/logo-cliente-coordinadora-75x75.png 75w, https:\/\/entreggo.com.co\/wp-content\/uploads\/2025\/11\/logo-cliente-coordinadora-480x480.png 480w\" sizes=\"(max-width:767px) 480px, 500px\" \/>\t\t\t\t\t\t\t\t\t\t\t\t\t\t\t<\/div>\n\t\t\t\t\t<\/div>\n\t\t<\/div>\n\t\t\t\t<div class=\"elementor-column elementor-col-33 elementor-inner-column elementor-element elementor-element-b5200b7\" data-id=\"b5200b7\" data-element_type=\"column\" data-settings=\"{&quot;background_background&quot;:&quot;classic&quot;,&quot;motion_fx_motion_fx_mouse&quot;:&quot;yes&quot;,&quot;motion_fx_mouseTrack_effect&quot;:&quot;yes&quot;,&quot;motion_fx_mouseTrack_speed&quot;:{&quot;unit&quot;:&quot;px&quot;,&quot;size&quot;:0.1000000000000000055511151231257827021181583404541015625,&quot;sizes&quot;:[]}}\">\n\t\t\t<div class=\"elementor-widget-wrap elementor-element-populated\">\n\t\t\t\t\t\t<div class=\"elementor-element elementor-element-8361a35 elementor-widget elementor-widget-image\" data-id=\"8361a35\" data-element_type=\"widget\" data-widget_type=\"image.default\">\n\t\t\t\t\t\t\t\t\t\t\t\t\t\t\t<img decoding=\"async\" width=\"300\" height=\"225\" src=\"https:\/\/entreggo.com.co\/wp-content\/uploads\/2025\/11\/Logo-interrapidisimo.webp\" class=\"attachment-large size-large wp-image-911\" alt=\"\" srcset=\"https:\/\/entreggo.com.co\/wp-content\/uploads\/2025\/11\/Logo-interrapidisimo.webp 300w, https:\/\/entreggo.com.co\/wp-content\/uploads\/2025\/11\/Logo-interrapidisimo-100x75.webp 100w\" sizes=\"(max-width:767px) 300px, 300px\" \/>\t\t\t\t\t\t\t\t\t\t\t\t\t\t\t<\/div>\n\t\t\t\t\t<\/div>\n\t\t<\/div>\n\t\t\t\t\t<\/div>\n\t\t<\/section>\n\t\t\t\t\t<\/div>\n\t\t<\/div>\n\t\t\t\t\t<\/div>\n\t\t<\/section>\n\t\t\t\t<section class=\"elementor-section elementor-top-section elementor-element elementor-element-b0e28de elementor-section-stretched elementor-section-boxed elementor-section-height-default elementor-section-height-default\" data-id=\"b0e28de\" data-element_type=\"section\" data-settings=\"{&quot;stretch_section&quot;:&quot;section-stretched&quot;}\">\n\t\t\t\t\t\t<div class=\"elementor-container elementor-column-gap-wider\">\n\t\t\t\t\t<div class=\"elementor-column elementor-col-50 elementor-top-column elementor-element elementor-element-1287d3d\" data-id=\"1287d3d\" data-element_type=\"column\">\n\t\t\t<div class=\"elementor-widget-wrap elementor-element-populated\">\n\t\t\t\t\t\t<section class=\"elementor-section elementor-inner-section elementor-element elementor-element-e46b008 elementor-section-boxed elementor-section-height-default elementor-section-height-default elementor-invisible\" data-id=\"e46b008\" data-element_type=\"section\" data-settings=\"{&quot;animation&quot;:&quot;fadeIn&quot;}\">\n\t\t\t\t\t\t<div class=\"elementor-container elementor-column-gap-default\">\n\t\t\t\t\t<div class=\"elementor-column elementor-col-100 elementor-inner-column elementor-element elementor-element-17e135c\" data-id=\"17e135c\" data-element_type=\"column\">\n\t\t\t<div class=\"elementor-widget-wrap elementor-element-populated\">\n\t\t\t\t\t\t<div class=\"elementor-element elementor-element-65fe190 elementor-widget elementor-widget-heading\" data-id=\"65fe190\" data-element_type=\"widget\" data-widget_type=\"heading.default\">\n\t\t\t\t\t<h1 class=\"elementor-heading-title elementor-size-default\">\u00bfPor qu\u00e9 nuestros aliados son clave?<\/h1>\t\t\t\t<\/div>\n\t\t\t\t<div class=\"elementor-element elementor-element-79cccf4 elementor-widget elementor-widget-image\" data-id=\"79cccf4\" data-element_type=\"widget\" data-widget_type=\"image.default\">\n\t\t\t\t\t\t\t\t\t\t\t\t\t\t\t<img loading=\"lazy\" decoding=\"async\" width=\"300\" height=\"188\" src=\"https:\/\/entreggo.com.co\/wp-content\/uploads\/2025\/12\/Seccion-de-evolucion-300x188.png\" class=\"attachment-thumbnail size-thumbnail wp-image-1175\" alt=\"\" srcset=\"https:\/\/entreggo.com.co\/wp-content\/uploads\/2025\/12\/Seccion-de-evolucion-300x188.png 300w, https:\/\/entreggo.com.co\/wp-content\/uploads\/2025\/12\/Seccion-de-evolucion-500x313.png 500w, https:\/\/entreggo.com.co\/wp-content\/uploads\/2025\/12\/Seccion-de-evolucion-768x480.png 768w, https:\/\/entreggo.com.co\/wp-content\/uploads\/2025\/12\/Seccion-de-evolucion-120x75.png 120w, https:\/\/entreggo.com.co\/wp-content\/uploads\/2025\/12\/Seccion-de-evolucion-480x300.png 480w, https:\/\/entreggo.com.co\/wp-content\/uploads\/2025\/12\/Seccion-de-evolucion.png 800w\" sizes=\"(max-width:767px) 300px, 300px\" \/>\t\t\t\t\t\t\t\t\t\t\t\t\t\t\t<\/div>\n\t\t\t\t\t<\/div>\n\t\t<\/div>\n\t\t\t\t\t<\/div>\n\t\t<\/section>\n\t\t\t\t\t<\/div>\n\t\t<\/div>\n\t\t\t\t<div class=\"elementor-column elementor-col-50 elementor-top-column elementor-element elementor-element-1650380\" data-id=\"1650380\" data-element_type=\"column\">\n\t\t\t<div class=\"elementor-widget-wrap elementor-element-populated\">\n\t\t\t\t\t\t<section class=\"elementor-section elementor-inner-section elementor-element elementor-element-b24dcdf elementor-section-boxed elementor-section-height-default elementor-section-height-default elementor-invisible\" data-id=\"b24dcdf\" data-element_type=\"section\" data-settings=\"{&quot;animation&quot;:&quot;fadeInRight&quot;}\">\n\t\t\t\t\t\t<div class=\"elementor-container elementor-column-gap-default\">\n\t\t\t\t\t<div class=\"elementor-column elementor-col-50 elementor-inner-column elementor-element elementor-element-f1bceea\" data-id=\"f1bceea\" data-element_type=\"column\">\n\t\t\t<div class=\"elementor-widget-wrap elementor-element-populated\">\n\t\t\t\t\t\t<div class=\"elementor-element elementor-element-153140a elementor-widget elementor-widget-heading\" data-id=\"153140a\" data-element_type=\"widget\" data-widget_type=\"heading.default\">\n\t\t\t\t\t<h2 class=\"elementor-heading-title elementor-size-default\">1<\/h2>\t\t\t\t<\/div>\n\t\t\t\t\t<\/div>\n\t\t<\/div>\n\t\t\t\t<div class=\"elementor-column elementor-col-50 elementor-inner-column elementor-element elementor-element-316827c\" data-id=\"316827c\" data-element_type=\"column\">\n\t\t\t<div class=\"elementor-widget-wrap elementor-element-populated\">\n\t\t\t\t\t\t<div class=\"elementor-element elementor-element-376e171 elementor-widget elementor-widget-heading\" data-id=\"376e171\" data-element_type=\"widget\" data-widget_type=\"heading.default\">\n\t\t\t\t\t<h4 class=\"elementor-heading-title elementor-size-default\">COBERTURA AMPLIADA<\/h4>\t\t\t\t<\/div>\n\t\t\t\t<div class=\"elementor-element elementor-element-35c3b26 elementor-widget elementor-widget-text-editor\" data-id=\"35c3b26\" data-element_type=\"widget\" data-widget_type=\"text-editor.default\">\n\t\t\t\t\t\t\t\t\t<p>Llegamos a m\u00e1s lugares gracias a nuestra red log\u00edstica nacional e internacional.<\/p>\t\t\t\t\t\t\t\t<\/div>\n\t\t\t\t\t<\/div>\n\t\t<\/div>\n\t\t\t\t\t<\/div>\n\t\t<\/section>\n\t\t\t\t<section class=\"elementor-section elementor-inner-section elementor-element elementor-element-1c88783 elementor-section-boxed elementor-section-height-default elementor-section-height-default elementor-invisible\" data-id=\"1c88783\" data-element_type=\"section\" data-settings=\"{&quot;animation&quot;:&quot;fadeInRight&quot;,&quot;animation_delay&quot;:100}\">\n\t\t\t\t\t\t<div class=\"elementor-container elementor-column-gap-default\">\n\t\t\t\t\t<div class=\"elementor-column elementor-col-50 elementor-inner-column elementor-element elementor-element-20dfb21\" data-id=\"20dfb21\" data-element_type=\"column\">\n\t\t\t<div class=\"elementor-widget-wrap elementor-element-populated\">\n\t\t\t\t\t\t<div class=\"elementor-element elementor-element-f17c919 elementor-widget elementor-widget-heading\" data-id=\"f17c919\" data-element_type=\"widget\" data-widget_type=\"heading.default\">\n\t\t\t\t\t<h2 class=\"elementor-heading-title elementor-size-default\">2<\/h2>\t\t\t\t<\/div>\n\t\t\t\t\t<\/div>\n\t\t<\/div>\n\t\t\t\t<div class=\"elementor-column elementor-col-50 elementor-inner-column elementor-element elementor-element-54ba690\" data-id=\"54ba690\" data-element_type=\"column\">\n\t\t\t<div class=\"elementor-widget-wrap elementor-element-populated\">\n\t\t\t\t\t\t<div class=\"elementor-element elementor-element-39a9993 elementor-widget elementor-widget-heading\" data-id=\"39a9993\" data-element_type=\"widget\" data-widget_type=\"heading.default\">\n\t\t\t\t\t<h4 class=\"elementor-heading-title elementor-size-default\">CONFIANZA QUE ENTREGA<\/h4>\t\t\t\t<\/div>\n\t\t\t\t<div class=\"elementor-element elementor-element-90b489f elementor-widget elementor-widget-text-editor\" data-id=\"90b489f\" data-element_type=\"widget\" data-widget_type=\"text-editor.default\">\n\t\t\t\t\t\t\t\t\t<p>Un equipo humano capacitado para garantizar cumplimiento, seguridad y atenci\u00f3n personalizada.<\/p>\t\t\t\t\t\t\t\t<\/div>\n\t\t\t\t\t<\/div>\n\t\t<\/div>\n\t\t\t\t\t<\/div>\n\t\t<\/section>\n\t\t\t\t<section class=\"elementor-section elementor-inner-section elementor-element elementor-element-29aef30 elementor-section-boxed elementor-section-height-default elementor-section-height-default elementor-invisible\" data-id=\"29aef30\" data-element_type=\"section\" data-settings=\"{&quot;animation&quot;:&quot;fadeInRight&quot;,&quot;animation_delay&quot;:200}\">\n\t\t\t\t\t\t<div class=\"elementor-container elementor-column-gap-default\">\n\t\t\t\t\t<div class=\"elementor-column elementor-col-50 elementor-inner-column elementor-element elementor-element-0ea31f6\" data-id=\"0ea31f6\" data-element_type=\"column\">\n\t\t\t<div class=\"elementor-widget-wrap elementor-element-populated\">\n\t\t\t\t\t\t<div class=\"elementor-element elementor-element-7133e8a elementor-widget elementor-widget-heading\" data-id=\"7133e8a\" data-element_type=\"widget\" data-widget_type=\"heading.default\">\n\t\t\t\t\t<h2 class=\"elementor-heading-title elementor-size-default\">3<\/h2>\t\t\t\t<\/div>\n\t\t\t\t\t<\/div>\n\t\t<\/div>\n\t\t\t\t<div class=\"elementor-column elementor-col-50 elementor-inner-column elementor-element elementor-element-309f5e9\" data-id=\"309f5e9\" data-element_type=\"column\">\n\t\t\t<div class=\"elementor-widget-wrap elementor-element-populated\">\n\t\t\t\t\t\t<div class=\"elementor-element elementor-element-3abd46f elementor-widget elementor-widget-heading\" data-id=\"3abd46f\" data-element_type=\"widget\" data-widget_type=\"heading.default\">\n\t\t\t\t\t<h4 class=\"elementor-heading-title elementor-size-default\">CONFIANZA MUTUA<\/h4>\t\t\t\t<\/div>\n\t\t\t\t<div class=\"elementor-element elementor-element-66a8aed elementor-widget elementor-widget-text-editor\" data-id=\"66a8aed\" data-element_type=\"widget\" data-widget_type=\"text-editor.default\">\n\t\t\t\t\t\t\t\t\t<p>Seleccionamos empresas con altos est\u00e1ndares de calidad y servicio.<\/p>\t\t\t\t\t\t\t\t<\/div>\n\t\t\t\t\t<\/div>\n\t\t<\/div>\n\t\t\t\t\t<\/div>\n\t\t<\/section>\n\t\t\t\t\t<\/div>\n\t\t<\/div>\n\t\t\t\t\t<\/div>\n\t\t<\/section>\n\t\t\t\t<section class=\"elementor-section elementor-top-section elementor-element elementor-element-d2d0e90 elementor-section-stretched elementor-section-full_width elementor-section-height-default elementor-section-height-default\" data-id=\"d2d0e90\" data-element_type=\"section\" data-settings=\"{&quot;stretch_section&quot;:&quot;section-stretched&quot;,&quot;background_background&quot;:&quot;classic&quot;}\">\n\t\t\t\t\t\t<div class=\"elementor-container elementor-column-gap-no\">\n\t\t\t\t\t<div class=\"elementor-column elementor-col-100 elementor-top-column elementor-element elementor-element-5ebd5d0\" data-id=\"5ebd5d0\" data-element_type=\"column\">\n\t\t\t<div class=\"elementor-widget-wrap elementor-element-populated\">\n\t\t\t\t\t\t<div class=\"elementor-element elementor-element-06497e4 elementor-widget elementor-widget-image\" data-id=\"06497e4\" data-element_type=\"widget\" data-widget_type=\"image.default\">\n\t\t\t\t\t\t\t\t\t\t\t\t\t\t\t<img loading=\"lazy\" decoding=\"async\" width=\"1920\" height=\"194\" src=\"https:\/\/entreggo.com.co\/wp-content\/uploads\/2025\/11\/imgi_15_ski3-home-sep1-1.png\" class=\"attachment-full size-full wp-image-1148\" alt=\"\" srcset=\"https:\/\/entreggo.com.co\/wp-content\/uploads\/2025\/11\/imgi_15_ski3-home-sep1-1.png 1920w, https:\/\/entreggo.com.co\/wp-content\/uploads\/2025\/11\/imgi_15_ski3-home-sep1-1-500x51.png 500w, https:\/\/entreggo.com.co\/wp-content\/uploads\/2025\/11\/imgi_15_ski3-home-sep1-1-1200x121.png 1200w, https:\/\/entreggo.com.co\/wp-content\/uploads\/2025\/11\/imgi_15_ski3-home-sep1-1-300x30.png 300w, https:\/\/entreggo.com.co\/wp-content\/uploads\/2025\/11\/imgi_15_ski3-home-sep1-1-768x78.png 768w, https:\/\/entreggo.com.co\/wp-content\/uploads\/2025\/11\/imgi_15_ski3-home-sep1-1-1536x155.png 1536w, https:\/\/entreggo.com.co\/wp-content\/uploads\/2025\/11\/imgi_15_ski3-home-sep1-1-150x15.png 150w, https:\/\/entreggo.com.co\/wp-content\/uploads\/2025\/11\/imgi_15_ski3-home-sep1-1-480x49.png 480w\" sizes=\"(max-width:767px) 480px, (max-width:1920px) 100vw, 1920px\" \/>\t\t\t\t\t\t\t\t\t\t\t\t\t\t\t<\/div>\n\t\t\t\t\t<\/div>\n\t\t<\/div>\n\t\t\t\t\t<\/div>\n\t\t<\/section>\n\t\t\t\t<section class=\"elementor-section elementor-top-section elementor-element elementor-element-17317a3 elementor-section-stretched elementor-section-boxed elementor-section-height-default elementor-section-height-default\" data-id=\"17317a3\" data-element_type=\"section\" data-settings=\"{&quot;stretch_section&quot;:&quot;section-stretched&quot;,&quot;background_background&quot;:&quot;classic&quot;}\">\n\t\t\t\t\t\t<div class=\"elementor-container elementor-column-gap-wider\">\n\t\t\t\t\t<div class=\"elementor-column elementor-col-100 elementor-top-column elementor-element elementor-element-93add09\" data-id=\"93add09\" data-element_type=\"column\">\n\t\t\t<div class=\"elementor-widget-wrap elementor-element-populated\">\n\t\t\t\t\t\t<section class=\"elementor-section elementor-inner-section elementor-element elementor-element-8bc3a01 elementor-section-boxed elementor-section-height-default elementor-section-height-default\" data-id=\"8bc3a01\" data-element_type=\"section\">\n\t\t\t\t\t\t<div class=\"elementor-container elementor-column-gap-default\">\n\t\t\t\t\t<div class=\"elementor-column elementor-col-100 elementor-inner-column elementor-element elementor-element-1669541\" data-id=\"1669541\" data-element_type=\"column\">\n\t\t\t<div class=\"elementor-widget-wrap elementor-element-populated\">\n\t\t\t\t\t\t<div class=\"elementor-element elementor-element-d0fc449 elementor-widget elementor-widget-heading\" data-id=\"d0fc449\" data-element_type=\"widget\" data-widget_type=\"heading.default\">\n\t\t\t\t\t<h2 class=\"elementor-heading-title elementor-size-default\"><span style=\"color:#a2f0a5\">CONT\u00c1CTANOS  <\/span><br>\nY LLEVA TU LOG\u00cdSTICA <br>AL SIGUIENTE NIVEL<\/h2>\t\t\t\t<\/div>\n\t\t\t\t<div class=\"elementor-element elementor-element-1058d3a elementor-align-center elementor-widget elementor-widget-button\" data-id=\"1058d3a\" data-element_type=\"widget\" data-widget_type=\"button.default\">\n\t\t\t\t\t\t\t\t\t\t<a class=\"elementor-button elementor-button-link elementor-size-sm\" href=\"https:\/\/entreggo.com.co\/index.php\/contacto\/\">\n\t\t\t\t\t\t<span class=\"elementor-button-content-wrapper\">\n\t\t\t\t\t\t<span class=\"elementor-button-icon\">\n\t\t\t\t<svg aria-hidden=\"true\" class=\"e-font-icon-svg e-fas-angle-right\" viewBox=\"0 0 256 512\" xmlns=\"http:\/\/www.w3.org\/2000\/svg\"><path d=\"M224.3 273l-136 136c-9.4 9.4-24.6 9.4-33.9 0l-22.6-22.6c-9.4-9.4-9.4-24.6 0-33.9l96.4-96.4-96.4-96.4c-9.4-9.4-9.4-24.6 0-33.9L54.3 103c9.4-9.4 24.6-9.4 33.9 0l136 136c9.5 9.4 9.5 24.6.1 34z\"><\/path><\/svg>\t\t\t<\/span>\n\t\t\t\t\t\t\t\t\t<span class=\"elementor-button-text\">Contactar<\/span>\n\t\t\t\t\t<\/span>\n\t\t\t\t\t<\/a>\n\t\t\t\t\t\t\t\t<\/div>\n\t\t\t\t\t<\/div>\n\t\t<\/div>\n\t\t\t\t\t<\/div>\n\t\t<\/section>\n\t\t\t\t\t<\/div>\n\t\t<\/div>\n\t\t\t\t\t<\/div>\n\t\t<\/section>\n\t\t\t\t<\/div>\n\t\t","protected":false},"excerpt":{"rendered":"<p>ALIADOS ESTRAT\u00c9GICOS JUNTOS MOVEMOS EL PROGRESO En Entrreggo S.A.S. creemos que la colaboraci\u00f3n impulsa la eficiencia. Por eso, hemos construido una red s\u00f3lida de aliados estrat\u00e9gicos<span class=\"excerpt-hellip\"> [\u2026]<\/span><\/p>\n","protected":false},"author":1,"featured_media":0,"parent":0,"menu_order":0,"comment_status":"open","ping_status":"closed","template":"","meta":{"_joinchat":[],"footnotes":""},"class_list":["post-8","page","type-page","status-publish","hentry"],"_links":{"self":[{"href":"https:\/\/entreggo.com.co\/index.php\/wp-json\/wp\/v2\/pages\/8","targetHints":{"allow":["GET"]}}],"collection":[{"href":"https:\/\/entreggo.com.co\/index.php\/wp-json\/wp\/v2\/pages"}],"about":[{"href":"https:\/\/entreggo.com.co\/index.php\/wp-json\/wp\/v2\/types\/page"}],"author":[{"embeddable":true,"href":"https:\/\/entreggo.com.co\/index.php\/wp-json\/wp\/v2\/users\/1"}],"replies":[{"embeddable":true,"href":"https:\/\/entreggo.com.co\/index.php\/wp-json\/wp\/v2\/comments?post=8"}],"version-history":[{"count":28,"href":"https:\/\/entreggo.com.co\/index.php\/wp-json\/wp\/v2\/pages\/8\/revisions"}],"predecessor-version":[{"id":1264,"href":"https:\/\/entreggo.com.co\/index.php\/wp-json\/wp\/v2\/pages\/8\/revisions\/1264"}],"wp:attachment":[{"href":"https:\/\/entreggo.com.co\/index.php\/wp-json\/wp\/v2\/media?parent=8"}],"curies":[{"name":"wp","href":"https:\/\/api.w.org\/{rel}","templated":true}]}}